{"id":266,"date":"2024-03-22T14:45:23","date_gmt":"2024-03-22T07:45:23","guid":{"rendered":"https:\/\/tuyensinh.ued.udn.vn\/?page_id=266"},"modified":"2024-08-08T16:09:15","modified_gmt":"2024-08-08T09:09:15","slug":"lien-he","status":"publish","type":"page","link":"https:\/\/tuyensinh.ued.udn.vn\/index.php\/lien-he\/","title":{"rendered":"Li\u00ean h\u1ec7"},"content":{"rendered":"<div class=\"slider-wrapper relative\" id=\"slider-1828211824\" >\n    <div class=\"slider slider-nav-dots-simple slider-nav-simple slider-nav-large slider-nav-light slider-style-normal slider-show-nav\"\n        data-flickity-options='{\n            \"cellAlign\": \"center\",\n            \"imagesLoaded\": true,\n            \"lazyLoad\": 1,\n            \"freeScroll\": false,\n            \"wrapAround\": true,\n            \"autoPlay\": 3000,\n            \"pauseAutoPlayOnHover\" : false,\n            \"prevNextButtons\": true,\n            \"contain\" : true,\n            \"adaptiveHeight\" : true,\n            \"dragThreshold\" : 10,\n            \"percentPosition\": true,\n            \"pageDots\": true,\n            \"rightToLeft\": false,\n            \"draggable\": false,\n            \"selectedAttraction\": 0.1,\n            \"parallax\" : 0,\n            \"friction\": 0.6        }'\n        >\n        \n\t<section class=\"section dark\" id=\"section_744819429\">\n\t\t<div class=\"bg section-bg fill bg-fill  \" >\n\n\t\t\t\n\t\t\t<div class=\"section-bg-overlay absolute fill\"><\/div>\n\t\t\t\n\n\t\t<\/div>\n\n\t\t\n\n\t\t<div class=\"section-content relative\">\n\t\t\t\n<div class=\"row align-equal align-center\"  id=\"row-2079432108\">\n\n\t<div id=\"col-557923732\" class=\"col medium-8 small-11 large-11\"  >\n\t\t\t\t<div class=\"col-inner text-center\"  >\n\t\t\t\n\t\t\t\n\t<div id=\"gap-1166117770\" class=\"gap-element clearfix\" style=\"display:block; height:auto;\">\n\t\t\n<style>\n#gap-1166117770 {\n  padding-top: 30px;\n}\n<\/style>\n\t<\/div>\n\t\n<h3 class=\"uppercase\"><span style=\"font-size: 200%; color: #ffffff;\">li\u00ean h\u1ec7 t\u01b0 v\u1ea5n tuy\u1ec3n sinh<\/span><\/h3>\n<p>M\u1ecdi th\u1eafc m\u1eafc, y\u00eau c\u1ea7u t\u01b0 v\u1ea5n v\u1ec1 ng\u00e0nh \u0111\u00e0o t\u1ea1o, ch\u1ec9 ti\u00eau tuy\u1ec3n sinh, kh\u1ed1i x\u00e9t tuy\u1ec3n, c\u01a1 h\u1ed9i vi\u1ec7c l\u00e0m&#8230;<\/p>\n\t\t<\/div>\n\t\t\t\t\t<\/div>\n\n\t\n<\/div>\n\t\t<\/div>\n\n\t\t\n<style>\n#section_744819429 {\n  padding-top: 30px;\n  padding-bottom: 30px;\n  min-height: 600px;\n}\n#section_744819429 .section-bg-overlay {\n  background-color: rgba(0, 0, 0, 0.297);\n}\n#section_744819429 .section-bg.bg-loaded {\n  background-image: url(https:\/\/tuyensinh.ued.udn.vn\/wp-content\/uploads\/2024\/04\/10758372.jpg);\n}\n@media (min-width:550px) {\n  #section_744819429 {\n    min-height: 700px;\n  }\n}\n@media (min-width:850px) {\n  #section_744819429 {\n    min-height: 350px;\n  }\n}\n<\/style>\n\t<\/section>\n\t\n     <\/div>\n\n     <div class=\"loading-spin dark large centered\"><\/div>\n\n\t<\/div>\n\n\n\t<section class=\"section\" id=\"section_500222142\">\n\t\t<div class=\"bg section-bg fill bg-fill  bg-loaded\" >\n\n\t\t\t\n\t\t\t\n\t\t\t\n\n\t\t<\/div>\n\n\t\t\n\n\t\t<div class=\"section-content relative\">\n\t\t\t\n<div class=\"row\"  id=\"row-617734846\">\n\n\t<div id=\"col-1044337541\" class=\"col medium-12 small-12 large-8\"  >\n\t\t\t\t<div class=\"col-inner\"  >\n\t\t\t\n\t\t\t\n\n  <div class=\"banner has-hover\" id=\"banner-1457410699\">\n          <div class=\"banner-inner fill\">\n        <div class=\"banner-bg fill\" >\n            <div class=\"bg fill bg-fill \"><\/div>\n                                    \n                    <\/div>\n\t\t\n        <div class=\"banner-layers container\">\n            <div class=\"fill banner-link\"><\/div>            \n        <\/div>\n      <\/div>\n\n            \n<style>\n#banner-1457410699 {\n  padding-top: 300px;\n  background-color: rgba(255, 255, 255, 0);\n}\n#banner-1457410699 .bg.bg-loaded {\n  background-image: url(https:\/\/tuyensinh.ued.udn.vn\/wp-content\/uploads\/2024\/04\/telesale.jpg);\n}\n@media (min-width:550px) {\n  #banner-1457410699 {\n    padding-top: 450px;\n  }\n}\n<\/style>\n  <\/div>\n\n\n\t\t<\/div>\n\t\t\t\t\t<\/div>\n\n\t\n<\/div>\n<div class=\"row align-right\"  id=\"row-1832746239\">\n\n\t<div id=\"col-812187874\" class=\"col medium-12 small-12 large-6\"  >\n\t\t\t\t<div class=\"col-inner\" style=\"background-color:rgb(255, 255, 255);\" >\n\t\t\t\n\t\t\t\n\t<div id=\"text-71116555\" class=\"text\">\n\t\t\n<h2>T\u01af V\u1ea4N TUY\u1ec2N SINH \u0110\u1ea0I H\u1eccC<\/h2>\n\t\t\n<style>\n#text-71116555 {\n  font-size: 1.25rem;\n}\n<\/style>\n\t<\/div>\n\t\n<p>M\u1ecdi th\u1eafc m\u1eafc, y\u00eau c\u1ea7u t\u01b0 v\u1ea5n v\u1ec1 ng\u00e0nh \u0111\u00e0o t\u1ea1o, ch\u1ec9 ti\u00eau tuy\u1ec3n sinh, kh\u1ed1i x\u00e9t tuy\u1ec3n, c\u01a1 h\u1ed9i vi\u1ec7c l\u00e0m&#8230; c\u1ee7a tuy\u1ec3n sinh \u0110\u1ea1i h\u1ecdc ch\u00ednh quy\u00a0 th\u00ed sinh vui l\u00f2ng li\u00ean h\u1ec7 theo s\u1ed1 \u0111i\u1ec7n tho\u1ea1i \u0111\u01b0\u1eddng d\u00e2y n\u00f3ng 0898 204 204 ch\u1ecdn ng\u01b0\u1eddi \u0111\u1ec3 t\u01b0 v\u1ea5n theo ng\u00e0nh b\u1eb1ng c\u00e1ch b\u1ea5m ti\u1ebfp s\u1ed1 nh\u00e1nh, c\u1ee5 th\u1ec3 nh\u01b0 sau:<\/p>\n<div class=\"accordion\">\n\t<div id=\"accordion-457135694\" class=\"accordion-item\">\n\t\t<a id=\"accordion-457135694-label\" class=\"accordion-title plain\" href=\"#accordion-item-xem-chi-ti\u1ebft\" aria-expanded=\"false\" aria-controls=\"accordion-457135694-content\" >\n\t\t\t<button class=\"toggle\" aria-label=\"Chuy\u1ec3n \u0111\u1ed5i\"><i class=\"icon-angle-down\"><\/i><\/button>\n\t\t\t<span>Xem chi ti\u1ebft<\/span>\n\t\t<\/a>\n\t\t<div id=\"accordion-457135694-content\" class=\"accordion-inner\" aria-labelledby=\"accordion-457135694-label\" >\n\t\t\t\n<p style=\"font-weight: 300;\">\u0110i\u1ec7n tho\u1ea1i:\u00a0<strong><span style=\"color: #f99b1c;\">0898 204 204<\/span><\/strong><\/p>\n<p style=\"font-weight: 300;\">Email: <a href=\"mailto:tuyensinh@ued.udn.vn\">tuyensinh@ued.udn.vn<\/a><\/p>\n<p style=\"font-weight: 300;\">Facebook:\u00a0<a href=\"https:\/\/www.facebook.com\/ueddn\/\">https:\/\/www.facebook.com\/ueddn\/<\/a><\/p>\n\t\t<\/div>\n\t<\/div>\n\t\n<\/div>\n\t\t<\/div>\n\t\t\t\t\n<style>\n#col-812187874 > .col-inner {\n  padding: 7% 8% 5% 8%;\n  margin: -50px 0 0px 0px;\n}\n@media (min-width:550px) {\n  #col-812187874 > .col-inner {\n    padding: 6% 8% 5% 8%;\n  }\n}\n@media (min-width:850px) {\n  #col-812187874 > .col-inner {\n    padding: 8% 8% 5% 8%;\n    margin: -290px 0px 0px 0px;\n  }\n}\n<\/style>\n\t<\/div>\n\n\t\n<\/div>\n\t\t<\/div>\n\n\t\t\n<style>\n#section_500222142 {\n  padding-top: 30px;\n  padding-bottom: 30px;\n  background-color: rgb(234, 234, 234);\n}\n@media (min-width:550px) {\n  #section_500222142 {\n    padding-top: 50px;\n    padding-bottom: 50px;\n  }\n}\n<\/style>\n\t<\/section>\n\t\n<div class=\"row row-collapse row-full-width\"  id=\"row-1322047005\">\n\n\t<div id=\"col-1736588879\" class=\"col medium-6 small-12 large-6\"  >\n\t\t\t\t<div class=\"col-inner\"  >\n\t\t\t\n\t\t\t\n\n  <div class=\"banner has-hover\" id=\"banner-1895592264\">\n          <div class=\"banner-inner fill\">\n        <div class=\"banner-bg fill\" >\n            <div class=\"bg fill bg-fill \"><\/div>\n                        <div class=\"overlay\"><\/div>            \n                    <\/div>\n\t\t\n        <div class=\"banner-layers container\">\n            <div class=\"fill banner-link\"><\/div>            \n   <div id=\"text-box-1072070005\" class=\"text-box banner-layer x50 md-x50 lg-x50 y50 md-y50 lg-y50 res-text\">\n                                <div class=\"text-box-content text dark\">\n              \n              <div class=\"text-inner text-center\">\n                  \n<h2 class=\"uppercase\">TUY\u1ec2N SINH SAU \u0110\u1ea0I H\u1eccC<\/h2>\n              <\/div>\n           <\/div>\n                            \n<style>\n#text-box-1072070005 {\n  width: 60%;\n}\n#text-box-1072070005 .text-box-content {\n  font-size: 100%;\n}\n<\/style>\n    <\/div>\n \n        <\/div>\n      <\/div>\n\n            \n<style>\n#banner-1895592264 {\n  padding-top: 300px;\n  background-color: rgba(255, 255, 255, 0);\n}\n#banner-1895592264 .bg.bg-loaded {\n  background-image: url(https:\/\/tuyensinh.ued.udn.vn\/wp-content\/uploads\/2024\/03\/dai-hoc-cao-dang.jpg);\n}\n#banner-1895592264 .overlay {\n  background-color: rgba(0, 0, 0, 0.372);\n}\n#banner-1895592264 .bg {\n  background-position: 59% 78%;\n}\n@media (min-width:550px) {\n  #banner-1895592264 {\n    padding-top: 350px;\n  }\n}\n@media (min-width:850px) {\n  #banner-1895592264 {\n    padding-top: 425px;\n  }\n}\n<\/style>\n  <\/div>\n\n\n\t\t<\/div>\n\t\t\t\t\t<\/div>\n\n\t\n\n\t<div id=\"col-985792253\" class=\"col medium-6 small-12 large-6\"  >\n\t\t\t\t<div class=\"col-inner\"  >\n\t\t\t\n\t\t\t\n\t<section class=\"section\" id=\"section_1710853334\">\n\t\t<div class=\"bg section-bg fill bg-fill  bg-loaded\" >\n\n\t\t\t\n\t\t\t\n\t\t\t\n\n\t\t<\/div>\n\n\t\t\n\n\t\t<div class=\"section-content relative\">\n\t\t\t\n<div class=\"row align-center\"  id=\"row-1531293846\">\n\n\t<div id=\"col-1409439458\" class=\"col medium-10 small-12 large-11\"  >\n\t\t\t\t<div class=\"col-inner text-center\"  >\n\t\t\t\n\t\t\t\n\t<div id=\"gap-41498813\" class=\"gap-element clearfix\" style=\"display:block; height:auto;\">\n\t\t\n<style>\n#gap-41498813 {\n  padding-top: 40px;\n}\n<\/style>\n\t<\/div>\n\t\n<p style=\"text-align: left;\">T\u01b0 v\u1ea5n c\u00e1c th\u00f4ng tin tuy\u1ec3n sinh Sau \u0111\u1ea1i h\u1ecdc v\u00e0 c\u00e1c th\u1ee7 t\u1ee5c li\u00ean quan<\/p>\n<p style=\"font-weight: 300;\">\u0110i\u1ec7n tho\u1ea1i:\u00a0<strong><span style=\"color: #f99b1c;\">0898 204 204<\/span><\/strong><\/p>\n<p style=\"font-weight: 300;\">Email: <a href=\"mailto:tuyensinh@ued.udn.vn\">tuyensinh@ued.udn.vn<\/a><\/p>\n<p style=\"font-weight: 300;\">Facebook:\u00a0<a href=\"https:\/\/www.facebook.com\/ueddn\/\">https:\/\/www.facebook.com\/ueddn\/<\/a><\/p>\n\t\t<\/div>\n\t\t\t\t\t<\/div>\n\n\t\n<\/div>\n\t\t<\/div>\n\n\t\t\n<style>\n#section_1710853334 {\n  padding-top: 0px;\n  padding-bottom: 0px;\n  min-height: 300px;\n}\n@media (min-width:550px) {\n  #section_1710853334 {\n    min-height: 350px;\n  }\n}\n@media (min-width:850px) {\n  #section_1710853334 {\n    min-height: 425px;\n  }\n}\n<\/style>\n\t<\/section>\n\t\n\t\t<\/div>\n\t\t\t\t\t<\/div>\n\n\t\n<\/div>\n<div class=\"row row-collapse row-full-width\"  id=\"row-529784697\">\n\n\t<div id=\"col-1955231239\" class=\"col medium-6 small-12 large-6\"  >\n\t\t\t\t<div class=\"col-inner\"  >\n\t\t\t\n\t\t\t\n\t<section class=\"section\" id=\"section_2138108121\">\n\t\t<div class=\"bg section-bg fill bg-fill  bg-loaded\" >\n\n\t\t\t\n\t\t\t\n\t\t\t\n\n\t\t<\/div>\n\n\t\t\n\n\t\t<div class=\"section-content relative\">\n\t\t\t\n<div class=\"row align-center\"  id=\"row-739299476\">\n\n\t<div id=\"col-1174327490\" class=\"col medium-11 small-12 large-11\"  >\n\t\t\t\t<div class=\"col-inner text-center\"  >\n\t\t\t\n\t\t\t\n\t<div id=\"gap-1440024552\" class=\"gap-element clearfix\" style=\"display:block; height:auto;\">\n\t\t\n<style>\n#gap-1440024552 {\n  padding-top: 40px;\n}\n<\/style>\n\t<\/div>\n\t\n<p style=\"text-align: right;\">B\u1ed9 ph\u1eadn ti\u1ebfp nh\u1eadn v\u00e0 gi\u1ea3i quy\u1ebft c\u00e1c c\u00e2u h\u1ecfi li\u00ean quan \u0111\u1ebfn c\u00e1c l\u1edbp b\u1ed3i d\u01b0\u1ee1ng<\/p>\n<p style=\"text-align: right;\"><span style=\"color: #ff9900;\"><strong>\u0110i\u1ec7n tho\u1ea1i:<\/strong><\/span> (0236) 3789976<br \/>\n<strong><span style=\"color: #ff9900;\">Email:<\/span><\/strong> <a href=\"mailto:lkdt@ued.udn.vn\">lkdt@ued.udn.vn<\/a><br \/>\n<span style=\"color: #ff9900;\"><strong>Facebook:<\/strong><\/span> <a href=\"https:\/\/www.facebook.com\/ueddn\/\">https:\/\/www.facebook.com\/ueddn\/<\/a><br \/>\n<span style=\"color: #ff9900;\"><strong>Di \u0111\u1ed9ng:<\/strong><\/span> 0898 23 25 27<\/p>\n\t\t<\/div>\n\t\t\t\t\t<\/div>\n\n\t\n<\/div>\n\t\t<\/div>\n\n\t\t\n<style>\n#section_2138108121 {\n  padding-top: 0px;\n  padding-bottom: 0px;\n  min-height: 300px;\n}\n@media (min-width:550px) {\n  #section_2138108121 {\n    min-height: 350px;\n  }\n}\n@media (min-width:850px) {\n  #section_2138108121 {\n    min-height: 425px;\n  }\n}\n<\/style>\n\t<\/section>\n\t\n\t\t<\/div>\n\t\t\t\t\t<\/div>\n\n\t\n\n\t<div id=\"col-2076274609\" class=\"col medium-6 small-12 large-6 small-col-first\"  >\n\t\t\t\t<div class=\"col-inner\"  >\n\t\t\t\n\t\t\t\n\n  <div class=\"banner has-hover\" id=\"banner-1876112873\">\n          <div class=\"banner-inner fill\">\n        <div class=\"banner-bg fill\" >\n            <div class=\"bg fill bg-fill \"><\/div>\n                        <div class=\"overlay\"><\/div>            \n                    <\/div>\n\t\t\n        <div class=\"banner-layers container\">\n            <div class=\"fill banner-link\"><\/div>            \n   <div id=\"text-box-626381802\" class=\"text-box banner-layer x50 md-x50 lg-x50 y50 md-y50 lg-y50 res-text\">\n                                <div class=\"text-box-content text dark\">\n              \n              <div class=\"text-inner text-center\">\n                  \n<h2 class=\"uppercase\">B\u1ed8 PH\u1eacN B\u1ed2I D\u01af\u1ee0NG<\/h2>\n              <\/div>\n           <\/div>\n                            \n<style>\n#text-box-626381802 {\n  width: 60%;\n}\n#text-box-626381802 .text-box-content {\n  font-size: 100%;\n}\n<\/style>\n    <\/div>\n \n        <\/div>\n      <\/div>\n\n            \n<style>\n#banner-1876112873 {\n  padding-top: 300px;\n  background-color: rgba(255, 255, 255, 0);\n}\n#banner-1876112873 .bg.bg-loaded {\n  background-image: url(https:\/\/tuyensinh.ued.udn.vn\/wp-content\/uploads\/2024\/03\/female-speaker-giving-presentation-hall-university-workshop-audience-conference-hall-scaled-e1711508954118.jpg);\n}\n#banner-1876112873 .overlay {\n  background-color: rgba(0, 0, 0, 0.366);\n}\n#banner-1876112873 .bg {\n  background-position: 57% 51%;\n}\n@media (min-width:550px) {\n  #banner-1876112873 {\n    padding-top: 350px;\n  }\n}\n@media (min-width:850px) {\n  #banner-1876112873 {\n    padding-top: 425px;\n  }\n}\n<\/style>\n  <\/div>\n\n\n\t\t<\/div>\n\t\t\t\t\t<\/div>\n\n\t\n<\/div>\n\t<section class=\"section dark\" id=\"section_1002017885\">\n\t\t<div class=\"bg section-bg fill bg-fill  bg-loaded\" >\n\n\t\t\t\n\t\t\t\n\t\t\t\n\t<div class=\"is-border\"\n\t\tstyle=\"border-color:rgb(254, 215, 80);border-width:8px 0px 0px 0px;\">\n\t<\/div>\n\n\t\t<\/div>\n\n\t\t\n\n\t\t<div class=\"section-content relative\">\n\t\t\t\n\n<div class=\"row row-collapse\" style=\"max-width:1300px\" id=\"row-1505700358\">\n\n\n\t<div id=\"col-16024105\" class=\"col medium-6 large-6\"  >\n\t\t\t\t<div class=\"col-inner\"  >\n\t\t\t\n\t\t\t\n\n<h2 style=\"text-align: center;\"><span style=\"color: #ff9900;\">UED-TOUR<\/span><\/h2>\n<p><a href=\"https:\/\/smarttravel-vr.mobifone.vn\/vr-tour\/truong-dai-hoc-su-pham-dai-hoc-da-nang\/6837d770a8b258348ba80b52\" target=\"_blank\" rel=\"noopener\"><img loading=\"lazy\" decoding=\"async\" class=\"wp-image-1519 aligncenter\" src=\"https:\/\/ued.udn.vn\/wp-content\/uploads\/2025\/04\/toan-canh3-300x161.jpg\" alt=\"\" width=\"535\" height=\"287\" \/><\/a><\/p>\n\n<div class=\"social-icons follow-icons\" ><a href=\"https:\/\/www.facebook.com\/ueddn\" target=\"_blank\" data-label=\"Facebook\" class=\"icon button circle is-outline facebook tooltip\" title=\"Theo d\u00f5i tr\u00ean Facebook\" aria-label=\"Theo d\u00f5i tr\u00ean Facebook\" rel=\"noopener nofollow\" ><i class=\"icon-facebook\" ><\/i><\/a><a href=\"mailto:mailto:tuyensinh@ued.udn.vn\" data-label=\"E-mail\" target=\"_blank\" class=\"icon button circle is-outline email tooltip\" title=\"G\u1eedi email cho ch\u00fang t\u00f4i\" aria-label=\"G\u1eedi email cho ch\u00fang t\u00f4i\" rel=\"nofollow noopener\" ><i class=\"icon-envelop\" ><\/i><\/a><a href=\"tel:0898204204\" data-label=\"Phone\" target=\"_blank\" class=\"icon button circle is-outline phone tooltip\" title=\"G\u1ecdi cho ch\u00fang t\u00f4i\" aria-label=\"G\u1ecdi cho ch\u00fang t\u00f4i\" rel=\"nofollow noopener\" ><i class=\"icon-phone\" ><\/i><\/a><a href=\"https:\/\/www.youtube.com\/uedtv\" data-label=\"YouTube\" target=\"_blank\" class=\"icon button circle is-outline youtube tooltip\" title=\"Theo d\u00f5i tr\u00ean YouTube\" aria-label=\"Theo d\u00f5i tr\u00ean YouTube\" rel=\"noopener nofollow\" ><i class=\"icon-youtube\" ><\/i><\/a><\/div>\n\n\n\t\t<\/div>\n\t\t\t\t\n<style>\n#col-16024105 > .col-inner {\n  padding: 0px 0px 0px 30px;\n}\n<\/style>\n\t<\/div>\n\n\t\n\n\t<div id=\"col-493124204\" class=\"col medium-6 large-6\"  >\n\t\t\t\t<div class=\"col-inner\"  >\n\t\t\t\n\t\t\t\n\n<h2 class=\"uppercase\" style=\"text-align: center;\"><span style=\"color: #ff9900;\">UED-Map<\/span><\/h2>\n<p><iframe loading=\"lazy\" style=\"border: 0;\" src=\"https:\/\/www.google.com\/maps\/embed?pb=!1m18!1m12!1m3!1d3834.073937759981!2d108.15654907682476!3d16.06165253963727!2m3!1f0!2f0!3f0!3m2!1i1024!2i768!4f13.1!3m3!1m2!1s0x31421924682e8689%3A0x48eb0bdbeec05215!2zVHLGsOG7nW5nIMSQ4bqhaSBI4buNYyBTxrAgUGjhuqFtIC0gxJDhuqFpIGjhu41jIMSQw6AgTuG6tW5n!5e0!3m2!1svi!2s!4v1711216398303!5m2!1svi!2s\" width=\"100%\" height=\"300\" allowfullscreen=\"allowfullscreen\" data-mce-fragment=\"1\"><\/iframe>\u00a0<\/p>\n\n\t\t<\/div>\n\t\t\t\t\n<style>\n#col-493124204 > .col-inner {\n  padding: 0px 30px 0px 0px;\n}\n<\/style>\n\t<\/div>\n\n\t\n\n<\/div>\n<h2 class=\"uppercase\" style=\"text-align: center;\"><span style=\"color: #ffff00;\">TR\u01af\u1edcNG \u0110\u1ea0I H\u1eccC S\u01af PH\u1ea0M - \u0110H\u0110N (ued)<\/span><\/h2>\n<p style=\"text-align: center;\"><span style=\"color: #f5f5f2;\"><strong>\u0110\u1ecba ch\u1ec9:<\/strong> 459 T\u00f4n \u0110\u1ee9c Th\u1eafng, Ph\u01b0\u1eddng H\u00f2a Kh\u00e1nh, TP. \u0110\u00e0 N\u1eb5ng. <strong>\u0110i\u1ec7n tho\u1ea1i:<\/strong> +84-236-3841323. <strong>Fax:<\/strong> +84-236-3842953. <\/span><\/p>\n<p style=\"text-align: center;\"><span style=\"color: #f5f5f2;\"><strong>Email:<\/strong> UED@ued.udn.vn. <strong>Website<\/strong>: <a style=\"color: #f5f5f2;\" href=\"https:\/\/ued.udn.vn\">https:\/\/ued.udn.vn<\/a><\/span><\/p>\n\n\t\t<\/div>\n\n\t\t\n<style>\n#section_1002017885 {\n  padding-top: 30px;\n  padding-bottom: 30px;\n  background-color: rgb(39, 54, 71);\n}\n<\/style>\n\t<\/section>\n\t\n","protected":false},"excerpt":{"rendered":"","protected":false},"author":1,"featured_media":0,"parent":0,"menu_order":0,"comment_status":"closed","ping_status":"closed","template":"","meta":{"footnotes":""},"class_list":["post-266","page","type-page","status-publish","hentry"],"_links":{"self":[{"href":"https:\/\/tuyensinh.ued.udn.vn\/index.php\/wp-json\/wp\/v2\/pages\/266","targetHints":{"allow":["GET"]}}],"collection":[{"href":"https:\/\/tuyensinh.ued.udn.vn\/index.php\/wp-json\/wp\/v2\/pages"}],"about":[{"href":"https:\/\/tuyensinh.ued.udn.vn\/index.php\/wp-json\/wp\/v2\/types\/page"}],"author":[{"embeddable":true,"href":"https:\/\/tuyensinh.ued.udn.vn\/index.php\/wp-json\/wp\/v2\/users\/1"}],"replies":[{"embeddable":true,"href":"https:\/\/tuyensinh.ued.udn.vn\/index.php\/wp-json\/wp\/v2\/comments?post=266"}],"version-history":[{"count":34,"href":"https:\/\/tuyensinh.ued.udn.vn\/index.php\/wp-json\/wp\/v2\/pages\/266\/revisions"}],"predecessor-version":[{"id":2386,"href":"https:\/\/tuyensinh.ued.udn.vn\/index.php\/wp-json\/wp\/v2\/pages\/266\/revisions\/2386"}],"wp:attachment":[{"href":"https:\/\/tuyensinh.ued.udn.vn\/index.php\/wp-json\/wp\/v2\/media?parent=266"}],"curies":[{"name":"wp","href":"https:\/\/api.w.org\/{rel}","templated":true}]}}