{"id":171,"date":"2024-03-21T00:17:27","date_gmt":"2024-03-20T17:17:27","guid":{"rendered":"https:\/\/tuyensinh.ued.udn.vn\/?page_id=171"},"modified":"2025-04-22T13:55:06","modified_gmt":"2025-04-22T06:55:06","slug":"huong-nghiep","status":"publish","type":"page","link":"https:\/\/tuyensinh.ued.udn.vn\/index.php\/huong-nghiep\/","title":{"rendered":"H\u01af\u1edaNG NGHI\u1ec6P"},"content":{"rendered":"<div class=\"slider-wrapper relative\" id=\"slider-554047088\" >\n    <div class=\"slider slider-nav-circle slider-nav-large slider-nav-light slider-style-normal\"\n        data-flickity-options='{\n            \"cellAlign\": \"center\",\n            \"imagesLoaded\": true,\n            \"lazyLoad\": 1,\n            \"freeScroll\": false,\n            \"wrapAround\": true,\n            \"autoPlay\": 6000,\n            \"pauseAutoPlayOnHover\" : true,\n            \"prevNextButtons\": true,\n            \"contain\" : true,\n            \"adaptiveHeight\" : true,\n            \"dragThreshold\" : 10,\n            \"percentPosition\": true,\n            \"pageDots\": true,\n            \"rightToLeft\": false,\n            \"draggable\": true,\n            \"selectedAttraction\": 0.1,\n            \"parallax\" : 0,\n            \"friction\": 0.6        }'\n        >\n        \n\n  <div class=\"banner has-hover\" id=\"banner-804592337\">\n          <div class=\"banner-inner fill\">\n        <div class=\"banner-bg fill\" >\n            <div class=\"bg fill bg-fill \"><\/div>\n                        <div class=\"overlay\"><\/div>            \n                    <\/div>\n\t\t\n        <div class=\"banner-layers container\">\n            <div class=\"fill banner-link\"><\/div>            \n   <div id=\"text-box-1022139767\" class=\"text-box banner-layer x5 md-x5 lg-x5 y50 md-y50 lg-y50 res-text\">\n                                <div class=\"text-box-content text dark\">\n              \n              <div class=\"text-inner text-left\">\n                  \n<h2 class=\"uppercase\"><strong>H\u01af\u1edaNG NGHI\u1ec6P<\/strong><\/h2>\n<h3>T\u00ecm hi\u1ec3u ng\u00e0nh ngh\u1ec1 &#8211; Nu\u00f4i d\u01b0\u1ee1ng \u0111am m\u00ea<\/h3>\n<p>C\u1eadp nh\u1eadt c\u00e1c th\u00f4ng tin m\u1edbi nh\u1ea5t c\u1ee7a \u0110\u1ea1i h\u1ecdc S\u01b0 ph\u1ea1m &#8211; \u0110H\u0110N<\/p>\n<a href=\"https:\/\/tuyensinh.ued.udn.vn\/index.php\/lien-he\/\" class=\"button secondary\"  >\n    <span>LI\u00caN H\u1ec6<\/span>\n  <\/a>\n\n              <\/div>\n           <\/div>\n                            \n<style>\n#text-box-1022139767 {\n  width: 60%;\n}\n#text-box-1022139767 .text-box-content {\n  font-size: 100%;\n}\n@media (min-width:550px) {\n  #text-box-1022139767 {\n    width: 88%;\n  }\n}\n<\/style>\n    <\/div>\n \n        <\/div>\n      <\/div>\n\n            \n<style>\n#banner-804592337 {\n  padding-top: 479px;\n}\n#banner-804592337 .bg.bg-loaded {\n  background-image: url(https:\/\/tuyensinh.ued.udn.vn\/wp-content\/uploads\/2024\/03\/career-banner-1024x336.jpg);\n}\n#banner-804592337 .overlay {\n  background-color: rgba(0, 0, 0, 0.517);\n}\n<\/style>\n  <\/div>\n\n\n     <\/div>\n\n     <div class=\"loading-spin dark large centered\"><\/div>\n\n\t<\/div>\n\n\n\t<section class=\"section info-card-1\" id=\"section_1352119553\">\n\t\t<div class=\"bg section-bg fill bg-fill  bg-loaded\" >\n\n\t\t\t\n\t\t\t\n\t\t\t\n\n\t\t<\/div>\n\n\t\t\n\n\t\t<div class=\"section-content relative\">\n\t\t\t\n<div class=\"row\"  id=\"row-1245467887\">\n\n\t<div id=\"col-842309731\" class=\"col small-12 large-12\"  >\n\t\t\t\t<div class=\"col-inner text-center\"  >\n\t\t\t\n\t\t\t\n<h2><span style=\"color: #ab7227;\"><strong>T\u00c0I LI\u1ec6U \u0110\u1ecaNH H\u01af\u1edaNG D\u00c0NH CHO 2K7<\/strong><\/span><\/h2>\n<h3><span style=\"color: #ab7227;\"><strong>C\u00e1c b\u1ea1n k\u00edch v\u00e0o bi\u1ec3u t\u01b0\u1ee3ng <img loading=\"lazy\" decoding=\"async\" class=\"alignnone wp-image-2670\" src=\"https:\/\/tuyensinh.ued.udn.vn\/wp-content\/uploads\/2025\/04\/bt.png\" alt=\"\" width=\"24\" height=\"24\" srcset=\"https:\/\/tuyensinh.ued.udn.vn\/wp-content\/uploads\/2025\/04\/bt.png 128w, https:\/\/tuyensinh.ued.udn.vn\/wp-content\/uploads\/2025\/04\/bt-64x64.png 64w, https:\/\/tuyensinh.ued.udn.vn\/wp-content\/uploads\/2025\/04\/bt-45x45.png 45w\" sizes=\"auto, (max-width: 24px) 100vw, 24px\" \/> \u0111\u1ec3 xem to\u00e0n m\u00e0n h\u00ecnh nh\u00e9<\/strong><\/span><\/h3>\n\t\t<\/div>\n\t\t\t\t\n<style>\n#col-842309731 > .col-inner {\n  padding: 20px 0px 0px 0px;\n}\n<\/style>\n\t<\/div>\n\n\t\n\t<div id=\"stack-225557847\" class=\"stack stack-row justify-center items-center\">\n\t\t\n<p><iframe loading=\"lazy\" id=\"dashboard-frame\" src=\"https:\/\/online.fliphtml5.com\/vkluz\/jkyw\/#p=1\" width=\"1200\" height=\"500\" frameborder=\"0\" allowfullscreen=\"allowfullscreen\"><\/iframe><\/p>\n\t\t\n<style>\n#stack-225557847 > * {\n  --stack-gap: 0rem;\n}\n<\/style>\n\t<\/div>\n\t\n\n\t<div id=\"col-106199568\" class=\"col small-12 large-12\"  >\n\t\t\t\t<div class=\"col-inner text-center\"  >\n\t\t\t\n\t\t\t\n<h2><span style=\"color: #ab7227;\"><strong>TR\u1eaeC NGHI\u1ec6M H\u01af\u1edaNG NGHI\u1ec6P RIASEC C\u1ee6A JOHN HOLLAND<\/strong><\/span><\/h2>\n\t\t<\/div>\n\t\t\t\t\n<style>\n#col-106199568 > .col-inner {\n  padding: 20px 0px 0px 0px;\n}\n<\/style>\n\t<\/div>\n\n\t\n<\/div>\n<div class=\"row row-small align-equal\"  id=\"row-1654992555\">\n\n\t<div id=\"col-1184890287\" class=\"col medium-6 small-12 large-6\"  >\n\t\t\t\t<div class=\"col-inner\"  >\n\t\t\t\n\t\t\t\n\t<div class=\"box has-hover   has-hover box-push box-text-bottom\" >\n\n\t\t<div class=\"box-image\" >\n\t\t\t<a href=\"https:\/\/tuyensinh.ued.udn.vn\/index.php\/gioi-thieu-ve-trac-nghiem\/\" >\t\t\t<div class=\"image-zoom image-cover\" style=\"padding-top:70%;\">\n\t\t\t\t<img loading=\"lazy\" decoding=\"async\" width=\"800\" height=\"417\" src=\"https:\/\/tuyensinh.ued.udn.vn\/wp-content\/uploads\/2024\/03\/tuvanhuongnghiep2.jpg\" class=\"attachment- size-\" alt=\"\" srcset=\"https:\/\/tuyensinh.ued.udn.vn\/wp-content\/uploads\/2024\/03\/tuvanhuongnghiep2.jpg 800w, https:\/\/tuyensinh.ued.udn.vn\/wp-content\/uploads\/2024\/03\/tuvanhuongnghiep2-300x156.jpg 300w, https:\/\/tuyensinh.ued.udn.vn\/wp-content\/uploads\/2024\/03\/tuvanhuongnghiep2-768x400.jpg 768w\" sizes=\"auto, (max-width: 800px) 100vw, 800px\" \/>\t\t\t\t\t\t\t\t\t\t\t<\/div>\n\t\t\t<\/a>\t\t<\/div>\n\n\t\t<div class=\"box-text text-center\" style=\"background-color:rgb(255, 255, 255);padding:20px 5% 20px 5%;\">\n\t\t\t<div class=\"box-text-inner\">\n\t\t\t\t\n\t<div id=\"text-4191127935\" class=\"text\">\n\t\t\n<h5><a href=\"https:\/\/tuyensinh.ued.udn.vn\/index.php\/gioi-thieu-ve-trac-nghiem\/\"><strong>GI\u1edaI THI\u1ec6U V\u1ec0 TR\u1eaeC NGHI\u1ec6M RIASEC<\/strong><\/a><\/h5>\n<p>Tr\u1eafc nghi\u1ec7m \u0111\u01b0\u1ee3c x\u00e2y d\u1ef1ng tr\u00ean c\u01a1 s\u1edf l\u00fd thuy\u1ebft M\u1eadt m\u00e3 Holland c\u1ee7a nh\u00e0 TLH ng\u01b0\u1eddi M\u1ef9 John Lewis Holland (1919 \u2013 2008).<\/p>\n\t\t\n<style>\n#text-4191127935 {\n  text-align: left;\n}\n<\/style>\n\t<\/div>\n\t\n<a href=\"https:\/\/tuyensinh.ued.udn.vn\/index.php\/gioi-thieu-ve-trac-nghiem\/\" class=\"button primary is-underline\"  >\n    <span>Xem th\u00eam..<\/span>\n  <\/a>\n\n\t\t\t<\/div>\n\t\t<\/div>\n\t<\/div>\n\t\n\t\t<\/div>\n\t\t\t\t\t<\/div>\n\n\t\n\n\t<div id=\"col-989407183\" class=\"col medium-6 small-12 large-6\"  >\n\t\t\t\t<div class=\"col-inner\"  >\n\t\t\t\n\t\t\t\n\t<div class=\"box has-hover   has-hover box-push box-text-bottom\" >\n\n\t\t<div class=\"box-image\" >\n\t\t\t<a href=\"https:\/\/tuyensinh.ued.udn.vn\/index.php\/cam-nang-huong-nghiep\/\" >\t\t\t<div class=\"image-zoom image-cover\" style=\"padding-top:70%;\">\n\t\t\t\t<img loading=\"lazy\" decoding=\"async\" width=\"1914\" height=\"1073\" src=\"https:\/\/tuyensinh.ued.udn.vn\/wp-content\/uploads\/2024\/03\/camnanghuongnghiep.jpg\" class=\"attachment- size-\" alt=\"\" srcset=\"https:\/\/tuyensinh.ued.udn.vn\/wp-content\/uploads\/2024\/03\/camnanghuongnghiep.jpg 1914w, https:\/\/tuyensinh.ued.udn.vn\/wp-content\/uploads\/2024\/03\/camnanghuongnghiep-300x168.jpg 300w, https:\/\/tuyensinh.ued.udn.vn\/wp-content\/uploads\/2024\/03\/camnanghuongnghiep-1024x574.jpg 1024w, https:\/\/tuyensinh.ued.udn.vn\/wp-content\/uploads\/2024\/03\/camnanghuongnghiep-768x431.jpg 768w, https:\/\/tuyensinh.ued.udn.vn\/wp-content\/uploads\/2024\/03\/camnanghuongnghiep-1536x861.jpg 1536w\" sizes=\"auto, (max-width: 1914px) 100vw, 1914px\" \/>\t\t\t\t\t\t\t\t\t\t\t<\/div>\n\t\t\t<\/a>\t\t<\/div>\n\n\t\t<div class=\"box-text text-center\" style=\"background-color:rgb(255, 255, 255);padding:20px 5% 20px 5%;\">\n\t\t\t<div class=\"box-text-inner\">\n\t\t\t\t\n\t<div id=\"text-4199974734\" class=\"text\">\n\t\t\n<h5><a href=\"https:\/\/tuyensinh.ued.udn.vn\/index.php\/cam-nang-huong-nghiep\/\"><strong>C\u1ea8M NANG H\u01af\u1edaNG NGHI\u1ec6P<\/strong><\/a><\/h5>\n<p>C\u1ea9m nang n\u00e0y l\u00e0 m\u1ed9t \u0111\u00f3ng g\u00f3p c\u1ee7a c\u00e1c gi\u1ea3ng vi\u00ean Tr\u01b0\u1eddng \u0110\u1ea1i h\u1ecdc S\u01b0 ph\u1ea1m &#8211; \u0110\u1ea1i h\u1ecdc \u0110\u00e0 N\u1eb5ng trong ch\u01b0\u01a1ng tr\u00ecnh \u0110\u1ed3ng h\u00e0nh c\u00f9ng h\u1ecdc sinh l\u1ef1a ch\u1ecdn ngh\u1ec1 ngh\u1ec7p&#8230;<\/p>\n\t\t\n<style>\n#text-4199974734 {\n  text-align: left;\n}\n<\/style>\n\t<\/div>\n\t\n<a href=\"https:\/\/tuyensinh.ued.udn.vn\/index.php\/cam-nang-huong-nghiep\/\" class=\"button primary is-underline\"  >\n    <span>Xem th\u00eam...<\/span>\n  <\/a>\n\n\t\t\t<\/div>\n\t\t<\/div>\n\t<\/div>\n\t\n\t\t<\/div>\n\t\t\t\t\t<\/div>\n\n\t\n\n<style>\n#row-1654992555 > .col > .col-inner {\n  background-color: rgb(255,255,255);\n}\n<\/style>\n<\/div>\n\t<div id=\"stack-1121468913\" class=\"stack stack-row justify-center items-center\">\n\t\t\n<a href=\"http:\/\/tuyensinh.ued.udn.vn\/T-Job\/\" target=\"_blank\" class=\"button primary\" rel=\"noopener\"  >\n    <span>B\u1eaeT \u0110\u1ea6U TR\u1eaeC NGHI\u1ec6M<\/span>\n  <\/a>\n\n\t\t\n<style>\n#stack-1121468913 > * {\n  --stack-gap: 0rem;\n}\n<\/style>\n\t<\/div>\n\t\n\t\t<\/div>\n\n\t\t\n<style>\n#section_1352119553 {\n  padding-top: 50px;\n  padding-bottom: 50px;\n  background-color: rgb(244, 244, 244);\n}\n<\/style>\n\t<\/section>\n\t\n\t<section class=\"section dark\" id=\"section_1018027333\">\n\t\t<div class=\"bg section-bg fill bg-fill  bg-loaded\" >\n\n\t\t\t\n\t\t\t\n\t\t\t\n\t<div class=\"is-border\"\n\t\tstyle=\"border-color:rgb(254, 215, 80);border-width:8px 0px 0px 0px;\">\n\t<\/div>\n\n\t\t<\/div>\n\n\t\t\n\n\t\t<div class=\"section-content relative\">\n\t\t\t\n\n<div class=\"row row-collapse\" style=\"max-width:1300px\" id=\"row-956893271\">\n\n\n\t<div id=\"col-1730681954\" class=\"col medium-6 large-6\"  >\n\t\t\t\t<div class=\"col-inner\"  >\n\t\t\t\n\t\t\t\n\n<h2 style=\"text-align: center;\"><span style=\"color: #ff9900;\">UED-TOUR<\/span><\/h2>\n<p><a href=\"https:\/\/smarttravel-vr.mobifone.vn\/vr-tour\/truong-dai-hoc-su-pham-dai-hoc-da-nang\/6837d770a8b258348ba80b52\" target=\"_blank\" rel=\"noopener\"><img loading=\"lazy\" decoding=\"async\" class=\"wp-image-1519 aligncenter\" src=\"https:\/\/ued.udn.vn\/wp-content\/uploads\/2025\/04\/toan-canh3-300x161.jpg\" alt=\"\" width=\"535\" height=\"287\" \/><\/a><\/p>\n\n<div class=\"social-icons follow-icons\" ><a href=\"https:\/\/www.facebook.com\/ueddn\" target=\"_blank\" data-label=\"Facebook\" class=\"icon button circle is-outline facebook tooltip\" title=\"Theo d\u00f5i tr\u00ean Facebook\" aria-label=\"Theo d\u00f5i tr\u00ean Facebook\" rel=\"noopener nofollow\" ><i class=\"icon-facebook\" ><\/i><\/a><a href=\"mailto:mailto:tuyensinh@ued.udn.vn\" data-label=\"E-mail\" target=\"_blank\" class=\"icon button circle is-outline email tooltip\" title=\"G\u1eedi email cho ch\u00fang t\u00f4i\" aria-label=\"G\u1eedi email cho ch\u00fang t\u00f4i\" rel=\"nofollow noopener\" ><i class=\"icon-envelop\" ><\/i><\/a><a href=\"tel:0898204204\" data-label=\"Phone\" target=\"_blank\" class=\"icon button circle is-outline phone tooltip\" title=\"G\u1ecdi cho ch\u00fang t\u00f4i\" aria-label=\"G\u1ecdi cho ch\u00fang t\u00f4i\" rel=\"nofollow noopener\" ><i class=\"icon-phone\" ><\/i><\/a><a href=\"https:\/\/www.youtube.com\/uedtv\" data-label=\"YouTube\" target=\"_blank\" class=\"icon button circle is-outline youtube tooltip\" title=\"Theo d\u00f5i tr\u00ean YouTube\" aria-label=\"Theo d\u00f5i tr\u00ean YouTube\" rel=\"noopener nofollow\" ><i class=\"icon-youtube\" ><\/i><\/a><\/div>\n\n\n\t\t<\/div>\n\t\t\t\t\n<style>\n#col-1730681954 > .col-inner {\n  padding: 0px 0px 0px 30px;\n}\n<\/style>\n\t<\/div>\n\n\t\n\n\t<div id=\"col-1066890582\" class=\"col medium-6 large-6\"  >\n\t\t\t\t<div class=\"col-inner\"  >\n\t\t\t\n\t\t\t\n\n<h2 class=\"uppercase\" style=\"text-align: center;\"><span style=\"color: #ff9900;\">UED-Map<\/span><\/h2>\n<p><iframe loading=\"lazy\" style=\"border: 0;\" src=\"https:\/\/www.google.com\/maps\/embed?pb=!1m18!1m12!1m3!1d3834.073937759981!2d108.15654907682476!3d16.06165253963727!2m3!1f0!2f0!3f0!3m2!1i1024!2i768!4f13.1!3m3!1m2!1s0x31421924682e8689%3A0x48eb0bdbeec05215!2zVHLGsOG7nW5nIMSQ4bqhaSBI4buNYyBTxrAgUGjhuqFtIC0gxJDhuqFpIGjhu41jIMSQw6AgTuG6tW5n!5e0!3m2!1svi!2s!4v1711216398303!5m2!1svi!2s\" width=\"100%\" height=\"300\" allowfullscreen=\"allowfullscreen\" data-mce-fragment=\"1\"><\/iframe>\u00a0<\/p>\n\n\t\t<\/div>\n\t\t\t\t\n<style>\n#col-1066890582 > .col-inner {\n  padding: 0px 30px 0px 0px;\n}\n<\/style>\n\t<\/div>\n\n\t\n\n<\/div>\n<h2 class=\"uppercase\" style=\"text-align: center;\"><span style=\"color: #ffff00;\">TR\u01af\u1edcNG \u0110\u1ea0I H\u1eccC S\u01af PH\u1ea0M - \u0110H\u0110N (ued)<\/span><\/h2>\n<p style=\"text-align: center;\"><span style=\"color: #f5f5f2;\"><strong>\u0110\u1ecba ch\u1ec9:<\/strong> 459 T\u00f4n \u0110\u1ee9c Th\u1eafng, Ph\u01b0\u1eddng H\u00f2a Kh\u00e1nh, TP. \u0110\u00e0 N\u1eb5ng. <strong>\u0110i\u1ec7n tho\u1ea1i:<\/strong> +84-236-3841323. <strong>Fax:<\/strong> +84-236-3842953. <\/span><\/p>\n<p style=\"text-align: center;\"><span style=\"color: #f5f5f2;\"><strong>Email:<\/strong> UED@ued.udn.vn. <strong>Website<\/strong>: <a style=\"color: #f5f5f2;\" href=\"https:\/\/ued.udn.vn\">https:\/\/ued.udn.vn<\/a><\/span><\/p>\n\n\t\t<\/div>\n\n\t\t\n<style>\n#section_1018027333 {\n  padding-top: 30px;\n  padding-bottom: 30px;\n  background-color: rgb(39, 54, 71);\n}\n<\/style>\n\t<\/section>\n\t\n","protected":false},"excerpt":{"rendered":"","protected":false},"author":1,"featured_media":33,"parent":0,"menu_order":0,"comment_status":"closed","ping_status":"closed","template":"page-blank.php","meta":{"footnotes":""},"class_list":["post-171","page","type-page","status-publish","has-post-thumbnail","hentry"],"_links":{"self":[{"href":"https:\/\/tuyensinh.ued.udn.vn\/index.php\/wp-json\/wp\/v2\/pages\/171","targetHints":{"allow":["GET"]}}],"collection":[{"href":"https:\/\/tuyensinh.ued.udn.vn\/index.php\/wp-json\/wp\/v2\/pages"}],"about":[{"href":"https:\/\/tuyensinh.ued.udn.vn\/index.php\/wp-json\/wp\/v2\/types\/page"}],"author":[{"embeddable":true,"href":"https:\/\/tuyensinh.ued.udn.vn\/index.php\/wp-json\/wp\/v2\/users\/1"}],"replies":[{"embeddable":true,"href":"https:\/\/tuyensinh.ued.udn.vn\/index.php\/wp-json\/wp\/v2\/comments?post=171"}],"version-history":[{"count":63,"href":"https:\/\/tuyensinh.ued.udn.vn\/index.php\/wp-json\/wp\/v2\/pages\/171\/revisions"}],"predecessor-version":[{"id":2684,"href":"https:\/\/tuyensinh.ued.udn.vn\/index.php\/wp-json\/wp\/v2\/pages\/171\/revisions\/2684"}],"wp:featuredmedia":[{"embeddable":true,"href":"https:\/\/tuyensinh.ued.udn.vn\/index.php\/wp-json\/wp\/v2\/media\/33"}],"wp:attachment":[{"href":"https:\/\/tuyensinh.ued.udn.vn\/index.php\/wp-json\/wp\/v2\/media?parent=171"}],"curies":[{"name":"wp","href":"https:\/\/api.w.org\/{rel}","templated":true}]}}